{"id":18,"date":"2021-03-07T17:06:02","date_gmt":"2021-03-07T16:06:02","guid":{"rendered":"http:\/\/poirier-cuir.com\/?page_id=18"},"modified":"2025-09-09T11:46:52","modified_gmt":"2025-09-09T09:46:52","slug":"accueil","status":"publish","type":"page","link":"https:\/\/poirier-cuir.com\/","title":{"rendered":"Accueil"},"content":{"rendered":"\n<p>Bienvenue sur le site officiel de Poirier Cuir. <\/p>\n\n\n\n<p>Artisan cuir sp\u00e9cialis\u00e9 en fabrication de ceintures, je r\u00e9alise \u00e9galement des sacs et portes monnaies.<br><br>Travaillant et s\u00e9lectionnant les cuirs de haute qualit\u00e9 par moi m\u00eame, je fabrique uniquement dans mon atelier-boutique visible au public et vends uniquement mes r\u00e9alisations.<br> <\/p>\n\n\n\n<figure class=\"wp-block-image size-large\"><img loading=\"lazy\" width=\"1024\" height=\"683\" src=\"http:\/\/poirier-cuir.com\/wp-content\/uploads\/2021\/03\/L1270901-1024x683.jpg\" alt=\"\" class=\"wp-image-109\" srcset=\"https:\/\/poirier-cuir.com\/wp-content\/uploads\/2021\/03\/L1270901-1024x683.jpg 1024w, https:\/\/poirier-cuir.com\/wp-content\/uploads\/2021\/03\/L1270901-300x200.jpg 300w, https:\/\/poirier-cuir.com\/wp-content\/uploads\/2021\/03\/L1270901-768x512.jpg 768w, https:\/\/poirier-cuir.com\/wp-content\/uploads\/2021\/03\/L1270901-1536x1024.jpg 1536w, https:\/\/poirier-cuir.com\/wp-content\/uploads\/2021\/03\/L1270901-2048x1365.jpg 2048w\" sizes=\"(max-width: 706px) 89vw, (max-width: 767px) 82vw, 740px\" \/><\/figure>\n\n\n\n<p><\/p>\n\n\n\n<p>Excellente visite \u00e0 vous. <\/p>\n","protected":false},"excerpt":{"rendered":"<p>Bienvenue sur le site officiel de Poirier Cuir. Artisan cuir sp\u00e9cialis\u00e9 en fabrication de ceintures, je r\u00e9alise \u00e9galement des sacs et portes monnaies. Travaillant et s\u00e9lectionnant les cuirs de haute qualit\u00e9 par moi m\u00eame, je fabrique uniquement dans mon atelier-boutique visible au public et vends uniquement mes r\u00e9alisations. Excellente visite \u00e0 vous.<\/p>\n","protected":false},"author":1,"featured_media":0,"parent":0,"menu_order":0,"comment_status":"closed","ping_status":"closed","template":"","meta":[],"_links":{"self":[{"href":"https:\/\/poirier-cuir.com\/index.php\/wp-json\/wp\/v2\/pages\/18"}],"collection":[{"href":"https:\/\/poirier-cuir.com\/index.php\/wp-json\/wp\/v2\/pages"}],"about":[{"href":"https:\/\/poirier-cuir.com\/index.php\/wp-json\/wp\/v2\/types\/page"}],"author":[{"embeddable":true,"href":"https:\/\/poirier-cuir.com\/index.php\/wp-json\/wp\/v2\/users\/1"}],"replies":[{"embeddable":true,"href":"https:\/\/poirier-cuir.com\/index.php\/wp-json\/wp\/v2\/comments?post=18"}],"version-history":[{"count":7,"href":"https:\/\/poirier-cuir.com\/index.php\/wp-json\/wp\/v2\/pages\/18\/revisions"}],"predecessor-version":[{"id":145,"href":"https:\/\/poirier-cuir.com\/index.php\/wp-json\/wp\/v2\/pages\/18\/revisions\/145"}],"wp:attachment":[{"href":"https:\/\/poirier-cuir.com\/index.php\/wp-json\/wp\/v2\/media?parent=18"}],"curies":[{"name":"wp","href":"https:\/\/api.w.org\/{rel}","templated":true}]}}